{"id":819,"date":"2016-06-09T12:48:02","date_gmt":"2016-06-09T10:48:02","guid":{"rendered":"https:\/\/www.hoteldellaporta.com\/fr\/?page_id=819"},"modified":"2023-07-20T11:55:12","modified_gmt":"2023-07-20T09:55:12","slug":"santarcangelo-di-romagna","status":"publish","type":"page","link":"https:\/\/www.hoteldellaporta.com\/fr\/santarcangelo-di-romagna\/","title":{"rendered":"Santarcangelo di Romagna"},"content":{"rendered":"<p>[vc_row row_height_percent=&#8221;0&#8243; override_padding=&#8221;yes&#8221; h_padding=&#8221;2&#8243; top_padding=&#8221;2&#8243; bottom_padding=&#8221;2&#8243; back_image=&#8221;514&#8243; back_repeat=&#8221;no-repeat&#8221; back_position=&#8221;center center&#8221; overlay_alpha=&#8221;50&#8243; gutter_size=&#8221;3&#8243; mobile_visibility=&#8221;yes&#8221; shift_y=&#8221;0&#8243;][vc_column column_width_percent=&#8221;100&#8243; align_horizontal=&#8221;align_center&#8221; overlay_alpha=&#8221;50&#8243; gutter_size=&#8221;3&#8243; medium_width=&#8221;0&#8243; shift_x=&#8221;0&#8243; shift_y=&#8221;0&#8243; z_index=&#8221;0&#8243; width=&#8221;1\/1&#8243;][vc_single_image media=&#8221;148&#8243; media_width_percent=&#8221;30&#8243; alignment=&#8221;center&#8221;][vc_empty_space empty_h=&#8221;1&#8243;][vc_custom_heading text_font=&#8221;font-248853&#8243; text_weight=&#8221;700&#8243; text_color=&#8221;color-104871&#8243;]Santarcangelo di Romagna[\/vc_custom_heading][vc_empty_space empty_h=&#8221;3&#8243;][\/vc_column][\/vc_row][vc_row unlock_row_content=&#8221;yes&#8221; row_height_percent=&#8221;0&#8243; override_padding=&#8221;yes&#8221; h_padding=&#8221;0&#8243; top_padding=&#8221;2&#8243; bottom_padding=&#8221;2&#8243; parallax=&#8221;yes&#8221; overlay_alpha=&#8221;50&#8243; gutter_size=&#8221;3&#8243; shift_y=&#8221;-5&#8243;][vc_column column_width_percent=&#8221;100&#8243; expand_height=&#8221;yes&#8221; override_padding=&#8221;yes&#8221; column_padding=&#8221;3&#8243; back_color=&#8221;color-xsdn&#8221; overlay_alpha=&#8221;50&#8243; gutter_size=&#8221;3&#8243; medium_width=&#8221;0&#8243; shift_x=&#8221;0&#8243; shift_y=&#8221;4&#8243; z_index=&#8221;0&#8243; css_animation=&#8221;left-t-right&#8221; animation_delay=&#8221;200&#8243; width=&#8221;1\/2&#8243;][vc_column_text]<\/p>\n<h3 style=\"text-align: center;\"><span class=\"font-248853\" style=\"color: #860907;\">Santarcangelo di Romagna<\/span><\/h3>\n<p>[\/vc_column_text][vc_single_image media=&#8221;137&#8243; media_width_percent=&#8221;60&#8243; alignment=&#8221;center&#8221;][vc_empty_space empty_h=&#8221;1&#8243;][vc_column_text]Santarcangelo est une belle et importante ville, qui a gard\u00e9 un caract\u00e8re sp\u00e9cial et un lien fort avec son pass\u00e9 et ses traditions. Toute la vieille ville est vivante, compos\u00e9e de maisons et de b\u00e2timents bien entretenus, des restaurants et des tavernes \u00e0 la mode, des rues \u00e9troites menant aux places toujours anim\u00e9es. L&#8217;atmosph\u00e8re est celle d&#8217;un grand village o\u00f9 la vie a gard\u00e9 son rythme, attentif \u00e0 leur apparition: les clients per\u00e7oivent imm\u00e9diatement une forte \u00abville\u00bb de l&#8217;identit\u00e9 et de la Romagne.<\/p>\n<p>[\/vc_column_text][vc_empty_space empty_h=&#8221;2&#8243;][vc_single_image media=&#8221;148&#8243; media_width_percent=&#8221;40&#8243; alignment=&#8221;center&#8221;][\/vc_column][vc_column column_width_percent=&#8221;100&#8243; position_vertical=&#8221;middle&#8221; back_color=&#8221;color-213172&#8243; overlay_color=&#8221;color-213172&#8243; overlay_alpha=&#8221;30&#8243; gutter_size=&#8221;3&#8243; medium_width=&#8221;0&#8243; shift_x=&#8221;0&#8243; shift_y=&#8221;-5&#8243; z_index=&#8221;0&#8243; css_animation=&#8221;right-t-left&#8221; width=&#8221;1\/2&#8243;][vc_gallery el_id=&#8221;gallery-189264&#8243; medias=&#8221;212,196,215,209,206,199,203,193&#8243; gutter_size=&#8221;2&#8243; screen_lg=&#8221;1000&#8243; screen_md=&#8221;600&#8243; screen_sm=&#8221;480&#8243; single_text=&#8221;under&#8221; images_size=&#8221;sixteen-nine&#8221; single_shape=&#8221;round&#8221; single_overlay_opacity=&#8221;50&#8243; single_text_anim=&#8221;no&#8221; single_overlay_anim=&#8221;no&#8221; single_padding=&#8221;2&#8243;][\/vc_column][\/vc_row][vc_row unlock_row_content=&#8221;yes&#8221; row_height_percent=&#8221;0&#8243; override_padding=&#8221;yes&#8221; h_padding=&#8221;3&#8243; top_padding=&#8221;0&#8243; bottom_padding=&#8221;2&#8243; overlay_alpha=&#8221;50&#8243; gutter_size=&#8221;3&#8243; shift_y=&#8221;0&#8243;][vc_column column_width_percent=&#8221;100&#8243; overlay_alpha=&#8221;50&#8243; gutter_size=&#8221;3&#8243; medium_width=&#8221;0&#8243; shift_x=&#8221;0&#8243; shift_y=&#8221;0&#8243; z_index=&#8221;0&#8243; width=&#8221;1\/2&#8243;][vc_column_text]<\/p>\n<h5 style=\"text-align: left;\"><span class=\"font-248853\" style=\"color: #860907;\">Ev\u00e9nements\u00a0<\/span><\/h5>\n<p>[\/vc_column_text][vc_column_text]<strong>balcons fleuris<\/strong> &#8211; 2\u00e8me quinzaine de mai<br \/>\nConcours de balcons, terrasses, loggias, porches etc. plus \u00abbelle. Aussi le march\u00e9 de l&#8217;exposition des plantes et des fleurs et des manifestations parall\u00e8les. Organis\u00e9 par le &#8220;We the Rock&#8221;.<\/p>\n<p><strong>Santarcangelo des th\u00e9\u00e2tres<\/strong> &#8211; Festival &#8211; Juillet<br \/>\nL&#8217;un des principaux festivals de th\u00e9\u00e2tre italiens, l&#8217;ann\u00e9e de sa premi\u00e8re \u00e9dition, en 1971; 10 jours de spectacles en plein air, pr\u00e9sent\u00e9s dans les places et les cours de la vieille ville. Un int\u00e9r\u00eat particulier est l&#8217;aper\u00e7u des nouvelles tendances artistiques internationales et la production d&#8217;\u00e9v\u00e9nements th\u00e9\u00e2traux originaux cr\u00e9\u00e9s exclusivement et ambientati dans les plus \u00abbeaux endroits de la ville\u00bb. Par Santarcangelo des Th\u00e9\u00e2tres<\/p>\n<p><strong>Santarcangelo des Peintres<\/strong> &#8211; Tous les dimanches de 16.00 \u00e0 19.00<\/p>\n<p><strong>Fiera di San Michele &#8211; 29 Septembre<\/strong><br \/>\nF\u00eate traditionnelle des oiseaux. Festival d\u00e9di\u00e9 \u00e0 l&#8217;environnement, aux animaux, \u00e0 la nourriture verte et naturelle.[\/vc_column_text][\/vc_column][vc_column width=&#8221;1\/2&#8243;][vc_empty_space empty_h=&#8221;2&#8243;][vc_column_text]<strong>Fiera di San Martino<\/strong> &#8211; La Maison de l&#8217;automne &#8211; 11 Novembre<br \/>\nUne exposition des plus \u00abriche en Romagne, d\u00e9j\u00e0 c\u00e9l\u00e8bre en 1300. Ancienne foire du b\u00e9tail, est maintenant un grand rendez-vous du commerce, la culture populaire et de divertissement. les produits agricoles, l&#8217;artisanat, du vin et de la nourriture traditionnelle. \u00e9v\u00e9nement cl\u00e9: le Festival national du Conteur<\/p>\n<p><strong>Lundi de march\u00e9 hebdomadaire &#8216;<\/strong>(carr\u00e9) le vendredi \u00bb(la place et les rues du centre)<\/p>\n<p><strong>le jeu de tambourin<\/strong> &#8211; dimanche apr\u00e8s-midi, le fronton.<\/p>\n<p><strong>Antiques Market<\/strong> &#8211; le premier dimanche du mois, sauf Ao\u00fbt. (Piazza Ganganelli) Un \u00e9v\u00e9nement populaire avec de nombreux stands d&#8217;antiquit\u00e9s, souvent d&#8217;origine locale.[\/vc_column_text][\/vc_column][\/vc_row][vc_row][vc_column column_width_percent=&#8221;100&#8243; position_vertical=&#8221;middle&#8221; align_horizontal=&#8221;align_center&#8221; overlay_alpha=&#8221;50&#8243; gutter_size=&#8221;3&#8243; medium_width=&#8221;0&#8243; shift_x=&#8221;0&#8243; shift_y=&#8221;0&#8243; z_index=&#8221;0&#8243; width=&#8221;1\/1&#8243;][vc_single_image media=&#8221;141&#8243; media_width_percent=&#8221;40&#8243; alignment=&#8221;center&#8221;][\/vc_column][\/vc_row][vc_row row_height_percent=&#8221;0&#8243; override_padding=&#8221;yes&#8221; h_padding=&#8221;2&#8243; top_padding=&#8221;2&#8243; bottom_padding=&#8221;2&#8243; back_color=&#8221;color-213172&#8243; overlay_alpha=&#8221;50&#8243; gutter_size=&#8221;4&#8243; shift_y=&#8221;0&#8243;][vc_column column_width_percent=&#8221;100&#8243; position_vertical=&#8221;middle&#8221; align_horizontal=&#8221;align_center&#8221; back_color=&#8221;color-213172&#8243; overlay_alpha=&#8221;50&#8243; gutter_size=&#8221;3&#8243; medium_width=&#8221;0&#8243; shift_x=&#8221;0&#8243; shift_y=&#8221;0&#8243; z_index=&#8221;0&#8243; width=&#8221;1\/2&#8243;][vc_column_text]<\/p>\n<h3 style=\"text-align: center;\"><span style=\"color: #878582;\">Pour les r\u00e9servations et informations<br \/>\n<\/span><strong>0541.622152<\/strong><\/h3>\n<p>[\/vc_column_text][\/vc_column][vc_column column_width_percent=&#8221;100&#8243; position_vertical=&#8221;middle&#8221; align_horizontal=&#8221;align_center&#8221; overlay_alpha=&#8221;50&#8243; gutter_size=&#8221;3&#8243; medium_width=&#8221;0&#8243; shift_x=&#8221;0&#8243; shift_y=&#8221;0&#8243; z_index=&#8221;0&#8243; width=&#8221;1\/2&#8243;][vc_button button_color=&#8221;color-104871&#8243; size=&#8221;btn-lg&#8221; radius=&#8221;btn-round&#8221; link=&#8221;url:http%3A%2F%2Fwww.hoteldellaporta.com%2Ffr%2Fdemande-info%2F||&#8221;]DEMANDE INFO[\/vc_button][vc_single_image media=&#8221;148&#8243; media_width_percent=&#8221;60&#8243; alignment=&#8221;center&#8221;][\/vc_column][\/vc_row]<\/p>\n","protected":false},"excerpt":{"rendered":"<p>[vc_row row_height_percent=&#8221;0&#8243; override_padding=&#8221;yes&#8221; h_padding=&#8221;2&#8243; top_padding=&#8221;2&#8243; bottom_padding=&#8221;2&#8243; back_image=&#8221;514&#8243; back_repeat=&#8221;no-repeat&#8221; back_position=&#8221;center center&#8221; overlay_alpha=&#8221;50&#8243; gutter_size=&#8221;3&#8243; mobile_visibility=&#8221;yes&#8221; shift_y=&#8221;0&#8243;][vc_column column_width_percent=&#8221;100&#8243; align_horizontal=&#8221;align_center&#8221; overlay_alpha=&#8221;50&#8243; gutter_size=&#8221;3&#8243; medium_width=&#8221;0&#8243; shift_x=&#8221;0&#8243; [&hellip;]<\/p>\n","protected":false},"author":3,"featured_media":0,"parent":0,"menu_order":0,"comment_status":"closed","ping_status":"closed","template":"","meta":{"footnotes":""},"class_list":["post-819","page","type-page","status-publish","hentry"],"yoast_head":"<!-- This site is optimized with the Yoast SEO plugin v21.3 - https:\/\/yoast.com\/wordpress\/plugins\/seo\/ -->\n<title>Santarcangelo di Romagna - Hotel Della Porta**** Santarcangelo di Romagna (RN) Info 0541.622152 | info@hoteldellaporta.com<\/title>\n<meta name=\"description\" content=\"Hotel Della Porta**** - Hotel 4 stelle nel delizioso borgo romagnolo di Santarcangelo a pochi minuti dalla fiera di Rimini e dalle spiagge della riviera\" \/>\n<meta name=\"robots\" content=\"index, follow, max-snippet:-1, max-image-preview:large, max-video-preview:-1\" \/>\n<link rel=\"canonical\" href=\"https:\/\/www.hoteldellaporta.com\/santarcangelo-di-romagna\/\" \/>\n<meta property=\"og:locale\" content=\"fr_FR\" \/>\n<meta property=\"og:type\" content=\"article\" \/>\n<meta property=\"og:title\" content=\"Santarcangelo di Romagna - Hotel Della Porta**** Santarcangelo di Romagna (RN) Info 0541.622152 | info@hoteldellaporta.com\" \/>\n<meta property=\"og:description\" content=\"Hotel Della Porta**** - Hotel 4 stelle nel delizioso borgo romagnolo di Santarcangelo a pochi minuti dalla fiera di Rimini e dalle spiagge della riviera\" \/>\n<meta property=\"og:url\" content=\"https:\/\/www.hoteldellaporta.com\/santarcangelo-di-romagna\/\" \/>\n<meta property=\"og:site_name\" content=\"Hotel Della Porta\" \/>\n<meta property=\"article:modified_time\" content=\"2023-07-20T09:55:12+00:00\" \/>\n<meta name=\"twitter:card\" content=\"summary_large_image\" \/>\n<meta name=\"twitter:label1\" content=\"Est. reading time\" \/>\n\t<meta name=\"twitter:data1\" content=\"4 minutes\" \/>\n<script type=\"application\/ld+json\" class=\"yoast-schema-graph\">{\"@context\":\"https:\/\/schema.org\",\"@graph\":[{\"@type\":\"WebPage\",\"@id\":\"https:\/\/www.hoteldellaporta.com\/santarcangelo-di-romagna\/\",\"url\":\"https:\/\/www.hoteldellaporta.com\/santarcangelo-di-romagna\/\",\"name\":\"Santarcangelo di Romagna - Hotel Della Porta**** Santarcangelo di Romagna (RN) Info 0541.622152 | info@hoteldellaporta.com\",\"isPartOf\":{\"@id\":\"https:\/\/www.hoteldellaporta.com\/#website\"},\"datePublished\":\"2016-06-09T10:48:02+00:00\",\"dateModified\":\"2023-07-20T09:55:12+00:00\",\"description\":\"Hotel Della Porta**** - Hotel 4 stelle nel delizioso borgo romagnolo di Santarcangelo a pochi minuti dalla fiera di Rimini e dalle spiagge della riviera\",\"breadcrumb\":{\"@id\":\"https:\/\/www.hoteldellaporta.com\/santarcangelo-di-romagna\/#breadcrumb\"},\"inLanguage\":\"fr-FR\",\"potentialAction\":[{\"@type\":\"ReadAction\",\"target\":[\"https:\/\/www.hoteldellaporta.com\/santarcangelo-di-romagna\/\"]}]},{\"@type\":\"BreadcrumbList\",\"@id\":\"https:\/\/www.hoteldellaporta.com\/santarcangelo-di-romagna\/#breadcrumb\",\"itemListElement\":[{\"@type\":\"ListItem\",\"position\":1,\"name\":\"Home\",\"item\":\"https:\/\/www.hoteldellaporta.com\/\"},{\"@type\":\"ListItem\",\"position\":2,\"name\":\"Santarcangelo di Romagna\"}]},{\"@type\":\"WebSite\",\"@id\":\"https:\/\/www.hoteldellaporta.com\/#website\",\"url\":\"https:\/\/www.hoteldellaporta.com\/\",\"name\":\"Hotel Della Porta\",\"description\":\"Hotel 4 Stelle a Santarcangelo di Rimini\",\"potentialAction\":[{\"@type\":\"SearchAction\",\"target\":{\"@type\":\"EntryPoint\",\"urlTemplate\":\"https:\/\/www.hoteldellaporta.com\/?s={search_term_string}\"},\"query-input\":\"required name=search_term_string\"}],\"inLanguage\":\"fr-FR\"}]}<\/script>\n<!-- \/ Yoast SEO plugin. -->","yoast_head_json":{"title":"Santarcangelo di Romagna - Hotel Della Porta**** Santarcangelo di Romagna (RN) Info 0541.622152 | info@hoteldellaporta.com","description":"Hotel Della Porta**** - Hotel 4 stelle nel delizioso borgo romagnolo di Santarcangelo a pochi minuti dalla fiera di Rimini e dalle spiagge della riviera","robots":{"index":"index","follow":"follow","max-snippet":"max-snippet:-1","max-image-preview":"max-image-preview:large","max-video-preview":"max-video-preview:-1"},"canonical":"https:\/\/www.hoteldellaporta.com\/santarcangelo-di-romagna\/","og_locale":"fr_FR","og_type":"article","og_title":"Santarcangelo di Romagna - Hotel Della Porta**** Santarcangelo di Romagna (RN) Info 0541.622152 | info@hoteldellaporta.com","og_description":"Hotel Della Porta**** - Hotel 4 stelle nel delizioso borgo romagnolo di Santarcangelo a pochi minuti dalla fiera di Rimini e dalle spiagge della riviera","og_url":"https:\/\/www.hoteldellaporta.com\/santarcangelo-di-romagna\/","og_site_name":"Hotel Della Porta","article_modified_time":"2023-07-20T09:55:12+00:00","twitter_card":"summary_large_image","twitter_misc":{"Est. reading time":"4 minutes"},"schema":{"@context":"https:\/\/schema.org","@graph":[{"@type":"WebPage","@id":"https:\/\/www.hoteldellaporta.com\/santarcangelo-di-romagna\/","url":"https:\/\/www.hoteldellaporta.com\/santarcangelo-di-romagna\/","name":"Santarcangelo di Romagna - Hotel Della Porta**** Santarcangelo di Romagna (RN) Info 0541.622152 | info@hoteldellaporta.com","isPartOf":{"@id":"https:\/\/www.hoteldellaporta.com\/#website"},"datePublished":"2016-06-09T10:48:02+00:00","dateModified":"2023-07-20T09:55:12+00:00","description":"Hotel Della Porta**** - Hotel 4 stelle nel delizioso borgo romagnolo di Santarcangelo a pochi minuti dalla fiera di Rimini e dalle spiagge della riviera","breadcrumb":{"@id":"https:\/\/www.hoteldellaporta.com\/santarcangelo-di-romagna\/#breadcrumb"},"inLanguage":"fr-FR","potentialAction":[{"@type":"ReadAction","target":["https:\/\/www.hoteldellaporta.com\/santarcangelo-di-romagna\/"]}]},{"@type":"BreadcrumbList","@id":"https:\/\/www.hoteldellaporta.com\/santarcangelo-di-romagna\/#breadcrumb","itemListElement":[{"@type":"ListItem","position":1,"name":"Home","item":"https:\/\/www.hoteldellaporta.com\/"},{"@type":"ListItem","position":2,"name":"Santarcangelo di Romagna"}]},{"@type":"WebSite","@id":"https:\/\/www.hoteldellaporta.com\/#website","url":"https:\/\/www.hoteldellaporta.com\/","name":"Hotel Della Porta","description":"Hotel 4 Stelle a Santarcangelo di Rimini","potentialAction":[{"@type":"SearchAction","target":{"@type":"EntryPoint","urlTemplate":"https:\/\/www.hoteldellaporta.com\/?s={search_term_string}"},"query-input":"required name=search_term_string"}],"inLanguage":"fr-FR"}]}},"_links":{"self":[{"href":"https:\/\/www.hoteldellaporta.com\/fr\/wp-json\/wp\/v2\/pages\/819","targetHints":{"allow":["GET"]}}],"collection":[{"href":"https:\/\/www.hoteldellaporta.com\/fr\/wp-json\/wp\/v2\/pages"}],"about":[{"href":"https:\/\/www.hoteldellaporta.com\/fr\/wp-json\/wp\/v2\/types\/page"}],"author":[{"embeddable":true,"href":"https:\/\/www.hoteldellaporta.com\/fr\/wp-json\/wp\/v2\/users\/3"}],"replies":[{"embeddable":true,"href":"https:\/\/www.hoteldellaporta.com\/fr\/wp-json\/wp\/v2\/comments?post=819"}],"version-history":[{"count":0,"href":"https:\/\/www.hoteldellaporta.com\/fr\/wp-json\/wp\/v2\/pages\/819\/revisions"}],"wp:attachment":[{"href":"https:\/\/www.hoteldellaporta.com\/fr\/wp-json\/wp\/v2\/media?parent=819"}],"curies":[{"name":"wp","href":"https:\/\/api.w.org\/{rel}","templated":true}]}}