{"id":769,"date":"2016-06-09T09:09:59","date_gmt":"2016-06-09T07:09:59","guid":{"rendered":"https:\/\/www.hoteldellaporta.com\/fr\/?page_id=769"},"modified":"2016-06-15T09:45:02","modified_gmt":"2016-06-15T07:45:02","slug":"home","status":"publish","type":"page","link":"https:\/\/www.hoteldellaporta.com\/fr\/","title":{"rendered":"Home"},"content":{"rendered":"<p>[vc_row][vc_column width=&#8221;1\/1&#8243;][layerslider_vc id=&#8221;1&#8243;][\/vc_column][\/vc_row][vc_row unlock_row_content=&#8221;yes&#8221; row_height_percent=&#8221;0&#8243; override_padding=&#8221;yes&#8221; h_padding=&#8221;0&#8243; top_padding=&#8221;0&#8243; bottom_padding=&#8221;3&#8243; overlay_alpha=&#8221;50&#8243; gutter_size=&#8221;4&#8243; shift_y=&#8221;-5&#8243;][vc_column column_width_percent=&#8221;100&#8243; position_vertical=&#8221;middle&#8221; align_horizontal=&#8221;align_center&#8221; back_color=&#8221;color-213172&#8243; overlay_alpha=&#8221;70&#8243; gutter_size=&#8221;2&#8243; medium_width=&#8221;0&#8243; shift_x=&#8221;0&#8243; shift_y=&#8221;-5&#8243; z_index=&#8221;0&#8243; css_animation=&#8221;left-t-right&#8221; animation_speed=&#8221;300&#8243; animation_delay=&#8221;100&#8243; width=&#8221;1\/3&#8243;][vc_column_text]<\/p>\n<h4 style=\"text-align: center;\"><span style=\"color: #878582;\">Pour les r\u00e9servations et informations<\/span><\/h4>\n<h3 style=\"text-align: center;\"><strong>0541.622152<\/strong><\/h3>\n<p>[\/vc_column_text][vc_button button_color=&#8221;accent&#8221; size=&#8221;btn-lg&#8221; radius=&#8221;btn-round&#8221; link=&#8221;url:http%3A%2F%2Fwww.hoteldellaporta.com%2Ffr%2Fdemande-info%2F||&#8221;]DEMANDE INFO[\/vc_button][vc_empty_space empty_h=&#8221;1&#8243;][vc_single_image media=&#8221;137&#8243; media_width_percent=&#8221;60&#8243; alignment=&#8221;center&#8221;][vc_empty_space empty_h=&#8221;2&#8243;][\/vc_column][vc_column column_width_percent=&#8221;100&#8243; align_horizontal=&#8221;align_center&#8221; overlay_color=&#8221;color-xsdn&#8221; overlay_alpha=&#8221;0&#8243; gutter_size=&#8221;3&#8243; medium_width=&#8221;0&#8243; shift_x=&#8221;0&#8243; shift_y=&#8221;0&#8243; z_index=&#8221;0&#8243; width=&#8221;2\/3&#8243;][uncode_index el_id=&#8221;index-178779&#8243; index_type=&#8221;carousel&#8221; loop=&#8221;size:4|order_by:date|post_type:post|categories:6&#8243; carousel_lg=&#8221;3&#8243; carousel_md=&#8221;3&#8243; carousel_sm=&#8221;1&#8243; thumb_size=&#8221;sixteen-nine&#8221; gutter_size=&#8221;2&#8243; post_items=&#8221;media|featured|onpost|original,title&#8221; carousel_height=&#8221;equal&#8221; carousel_type=&#8221;fade&#8221; carousel_interval=&#8221;5000&#8243; carousel_navspeed=&#8221;700&#8243; carousel_loop=&#8221;yes&#8221; carousel_nav_mobile=&#8221;yes&#8221; carousel_autoh=&#8221;yes&#8221; single_back_color=&#8221;color-213172&#8243; single_shape=&#8221;round&#8221; single_overlay_opacity=&#8221;50&#8243; single_text_anim=&#8221;no&#8221; single_overlay_anim=&#8221;no&#8221; single_image_anim=&#8221;no&#8221; single_h_align=&#8221;center&#8221; single_padding=&#8221;1&#8243; single_text_reduced=&#8221;yes&#8221; single_shadow=&#8221;yes&#8221; single_border=&#8221;yes&#8221;][vc_button button_color=&#8221;accent&#8221; size=&#8221;btn-lg&#8221; radius=&#8221;btn-round&#8221; link=&#8221;url:http%3A%2F%2Fwww.hoteldellaporta.com%2Ffr%2Foffres%2F||&#8221;]Voir toutes les offres[\/vc_button][\/vc_column][\/vc_row][vc_row unlock_row_content=&#8221;yes&#8221; row_height_percent=&#8221;0&#8243; override_padding=&#8221;yes&#8221; h_padding=&#8221;3&#8243; top_padding=&#8221;2&#8243; bottom_padding=&#8221;2&#8243; overlay_alpha=&#8221;50&#8243; gutter_size=&#8221;3&#8243; shift_y=&#8221;0&#8243;][vc_column column_width_percent=&#8221;100&#8243; position_vertical=&#8221;middle&#8221; overlay_alpha=&#8221;50&#8243; gutter_size=&#8221;3&#8243; medium_width=&#8221;0&#8243; shift_x=&#8221;0&#8243; shift_y=&#8221;-5&#8243; z_index=&#8221;0&#8243; width=&#8221;1\/2&#8243;][vc_single_image media=&#8221;492&#8243; media_width_percent=&#8221;86&#8243; alignment=&#8221;center&#8221;][\/vc_column][vc_column column_width_percent=&#8221;100&#8243; overlay_alpha=&#8221;50&#8243; gutter_size=&#8221;3&#8243; medium_width=&#8221;0&#8243; shift_x=&#8221;0&#8243; shift_y=&#8221;0&#8243; z_index=&#8221;0&#8243; width=&#8221;1\/2&#8243;][vc_single_image media=&#8221;141&#8243; media_width_percent=&#8221;100&#8243; alignment=&#8221;center&#8221;][vc_column_text]<\/p>\n<h2 style=\"text-align: center;\"><span class=\"font-248853\" style=\"color: #860907;\">Le\u00a0style, la classe, la tradition<\/span><\/h2>\n<p>[\/vc_column_text][vc_column_text]Sous l&#8217;ancienne <strong>&#8220;Porta Cervese&#8221;<\/strong>, \u00e0 la place du vieux Moulin de Santarcangelo, l&#8217;ancien centre du commerce et des affaires apr\u00e8s en <strong>1991<\/strong> a ouvert l&#8217;<strong>Hotel Della Porta<\/strong>, apr\u00e8s une attente restructuration.<\/p>\n<p>Tradition et modernit\u00e9 se rencontrent et donnent le meilleur d&#8217;eux m\u00eames \u00e0 l&#8217;<strong>Hotel Della Porta<\/strong>. Les pi\u00e8ces spacieuses et accueillants offrent tous les conforts. L&#8217;ambiance de l&#8217;<strong>Hotel Della Porta<\/strong> a \u00e9t\u00e9 enrichie grace \u00e0 l&#8217;attention dedi\u00e9e \u00e0 tous les d\u00e9tails et grace aussi \u00e0 l&#8217;exposition des po\u00e9tiques mosaique id\u00e9e par <strong>Tonino Guerra<\/strong>, le grand artiste originaire de Santarcangelo.<\/p>\n<p>Le <strong>jardin \u00e0 l&#8217;int\u00e9rieur,<\/strong> suggestif vue au Coeur de la ville de Santarcangelo, conduise dans le romantique ambiance des chambers de raisin, des campanules, de la Suite aux Glycines roses et aux Glycines azurs, toutes avec les plafonds peints \u00e0 fresque et meubl\u00e9es avec des meubles d&#8217;\u00e9poque.<\/p>\n<p>&nbsp;<\/p>\n<p><img loading=\"lazy\" decoding=\"async\" class=\"size-medium wp-image-51 alignright\" src=\"https:\/\/www.hoteldellaporta.com\/wp-content\/uploads\/2016\/05\/logo-hdp-rettangolo300-69light-300x69.png\" alt=\"logo-hdp-rettangolo300-69light\" width=\"300\" height=\"69\" \/>[\/vc_column_text][vc_empty_space empty_h=&#8221;3&#8243;][vc_single_image media=&#8221;137&#8243; media_width_percent=&#8221;100&#8243; alignment=&#8221;center&#8221;][vc_empty_space empty_h=&#8221;3&#8243;][\/vc_column][\/vc_row][vc_row unlock_row_content=&#8221;yes&#8221; row_height_percent=&#8221;0&#8243; override_padding=&#8221;yes&#8221; h_padding=&#8221;3&#8243; top_padding=&#8221;0&#8243; bottom_padding=&#8221;5&#8243; back_image=&#8221;496&#8243; back_repeat=&#8221;no-repeat&#8221; back_attachment=&#8221;fixed&#8221; back_position=&#8221;center bottom&#8221; parallax=&#8221;yes&#8221; overlay_color=&#8221;color-120000&#8243; overlay_alpha=&#8221;30&#8243; gutter_size=&#8221;3&#8243; shift_y=&#8221;0&#8243;][vc_column column_width_percent=&#8221;100&#8243; position_vertical=&#8221;middle&#8221; align_horizontal=&#8221;align_center&#8221; overlay_alpha=&#8221;50&#8243; gutter_size=&#8221;3&#8243; medium_width=&#8221;0&#8243; shift_x=&#8221;0&#8243; shift_y=&#8221;0&#8243; z_index=&#8221;0&#8243; width=&#8221;1\/2&#8243;][vc_empty_space empty_h=&#8221;4&#8243;][vc_custom_heading heading_semantic=&#8221;h3&#8243; text_font=&#8221;font-248853&#8243; text_weight=&#8221;800&#8243; text_color=&#8221;color-213172&#8243; sub_reduced=&#8221;yes&#8221;]Santarcangelo di Romagna[\/vc_custom_heading][vc_single_image media=&#8221;137&#8243; media_width_percent=&#8221;60&#8243; alignment=&#8221;center&#8221;][vc_column_text]<\/p>\n<h5 style=\"text-align: center;\"><strong><em><span class=\"font-248853\" style=\"color: #efeeee;\">Cinq minutes du centre et de la Foire de Rimini, et on voyage \u00e0 travers les si\u00e8cles dans le medieval bourg de Santarcangelo.<\/span><\/em><\/strong><\/h5>\n<p>[\/vc_column_text][vc_empty_space empty_h=&#8221;2&#8243;][\/vc_column][vc_column column_width_percent=&#8221;90&#8243; align_horizontal=&#8221;align_center&#8221; expand_height=&#8221;yes&#8221; overlay_alpha=&#8221;50&#8243; gutter_size=&#8221;3&#8243; medium_width=&#8221;0&#8243; shift_x=&#8221;0&#8243; shift_y=&#8221;-3&#8243; z_index=&#8221;0&#8243; css_animation=&#8221;right-t-left&#8221; width=&#8221;1\/2&#8243;][vc_gallery el_id=&#8221;gallery-513997&#8243; type=&#8221;carousel&#8221; medias=&#8221;212,199,206,193,196,203,209,215&#8243; carousel_lg=&#8221;3&#8243; carousel_md=&#8221;3&#8243; carousel_sm=&#8221;3&#8243; gutter_size=&#8221;2&#8243; media_items=&#8221;media|lightbox|original&#8221; carousel_type=&#8221;fade&#8221; carousel_interval=&#8221;0&#8243; carousel_navspeed=&#8221;0&#8243; carousel_autoh=&#8221;yes&#8221; single_overlay_opacity=&#8221;50&#8243; single_text_anim=&#8221;no&#8221; single_image_anim=&#8221;no&#8221; single_h_align=&#8221;center&#8221; single_padding=&#8221;2&#8243; single_shadow=&#8221;yes&#8221; single_border=&#8221;yes&#8221;][uncode_block id=&#8221;777&#8243; inside_column=&#8221;yes&#8221;][\/vc_column][\/vc_row][vc_row unlock_row_content=&#8221;yes&#8221; row_height_percent=&#8221;0&#8243; override_padding=&#8221;yes&#8221; h_padding=&#8221;0&#8243; top_padding=&#8221;5&#8243; bottom_padding=&#8221;0&#8243; back_color=&#8221;color-213172&#8243; parallax=&#8221;yes&#8221; overlay_alpha=&#8221;50&#8243; gutter_size=&#8221;4&#8243; shift_y=&#8221;-4&#8243;][vc_column column_width_percent=&#8221;100&#8243; align_horizontal=&#8221;align_center&#8221; expand_height=&#8221;yes&#8221; override_padding=&#8221;yes&#8221; column_padding=&#8221;3&#8243; back_color=&#8221;color-xsdn&#8221; overlay_alpha=&#8221;50&#8243; gutter_size=&#8221;3&#8243; medium_width=&#8221;0&#8243; shift_x=&#8221;0&#8243; shift_y=&#8221;-5&#8243; z_index=&#8221;0&#8243; css_animation=&#8221;left-t-right&#8221; animation_delay=&#8221;200&#8243; width=&#8221;1\/2&#8243;][vc_column_text]<\/p>\n<h3 style=\"text-align: center;\"><span class=\"font-248853\" style=\"color: #860907;\">22 chambres pour les affaires et le plaisir<\/span><\/h3>\n<p>[\/vc_column_text][vc_single_image media=&#8221;137&#8243; media_width_percent=&#8221;60&#8243; alignment=&#8221;center&#8221;][vc_column_text]<a href=\"https:\/\/www.tripadvisor.it\/Hotel_Review-g1315192-d236780-Reviews-Hotel_Della_Porta-Santarcangelo_di_Romagna_Province_of_Rimini_Emilia_Romagna.html\" target=\"_blank\"><img loading=\"lazy\" decoding=\"async\" class=\"wp-image-509 size-full alignleft\" src=\"https:\/\/www.hoteldellaporta.com\/wp-content\/uploads\/2016\/05\/hdpeccellenza-250x250.jpg\" alt=\"hdpeccellenza-250x250\" width=\"250\" height=\"250\" srcset=\"https:\/\/www.hoteldellaporta.com\/wp-content\/uploads\/2016\/05\/hdpeccellenza-250x250.jpg 250w, https:\/\/www.hoteldellaporta.com\/wp-content\/uploads\/2016\/05\/hdpeccellenza-250x250-150x150.jpg 150w\" sizes=\"auto, (max-width: 250px) 100vw, 250px\" \/><\/a>L\u2019Hotel DELLA PORTA conjuge les avantages et les raffinements caracteristiques d\u2019une petite structure aux services des grands hotels\u2026 la meilleure choix pour vos s\u00e9jours touristiques ou d\u2019affaires \u00e0 Santarcangelo.<\/p>\n<p>Tous ceux qu&#8217;on peut d\u00e9sirer pour le repos ou le travail \u00e0 c&#8217;est \u00e0 disposition \u00e0 l&#8217;Hotel Della Porta dans les chambres insonoris\u00e9es et climatis\u00e9es, Avec de grands lits et.des tables de travail pour poser votre material de bureau.[\/vc_column_text][vc_button button_color=&#8221;accent&#8221; radius=&#8221;btn-round&#8221; link=&#8221;url:http%3A%2F%2Fwww.hoteldellaporta.com%2Ffr%2Fchambres%2F||&#8221;]D\u00e9couvrez les chambres d&#8217;h\u00f4tel[\/vc_button][vc_single_image media=&#8221;148&#8243; media_width_percent=&#8221;40&#8243; alignment=&#8221;center&#8221;][\/vc_column][vc_column column_width_percent=&#8221;100&#8243; position_vertical=&#8221;bottom&#8221; back_image=&#8221;505&#8243; back_repeat=&#8221;no-repeat&#8221; back_position=&#8221;center center&#8221; overlay_color=&#8221;color-213172&#8243; overlay_alpha=&#8221;30&#8243; gutter_size=&#8221;0&#8243; medium_width=&#8221;0&#8243; shift_x=&#8221;0&#8243; shift_y=&#8221;4&#8243; z_index=&#8221;0&#8243; css_animation=&#8221;right-t-left&#8221; width=&#8221;1\/2&#8243;][vc_empty_space empty_h=&#8221;4&#8243;][vc_empty_space empty_h=&#8221;2&#8243;][uncode_block id=&#8221;291&#8243; inside_column=&#8221;yes&#8221;][\/vc_column][\/vc_row]<\/p>\n","protected":false},"excerpt":{"rendered":"<p>[vc_row][vc_column width=&#8221;1\/1&#8243;][layerslider_vc id=&#8221;1&#8243;][\/vc_column][\/vc_row][vc_row unlock_row_content=&#8221;yes&#8221; row_height_percent=&#8221;0&#8243; override_padding=&#8221;yes&#8221; h_padding=&#8221;0&#8243; top_padding=&#8221;0&#8243; bottom_padding=&#8221;3&#8243; overlay_alpha=&#8221;50&#8243; gutter_size=&#8221;4&#8243; shift_y=&#8221;-5&#8243;][vc_column column_width_percent=&#8221;100&#8243; position_vertical=&#8221;middle&#8221; align_horizontal=&#8221;align_center&#8221; back_color=&#8221;color-213172&#8243; overlay_alpha=&#8221;70&#8243; gutter_size=&#8221;2&#8243; medium_width=&#8221;0&#8243; shift_x=&#8221;0&#8243; [&hellip;]<\/p>\n","protected":false},"author":3,"featured_media":0,"parent":0,"menu_order":0,"comment_status":"closed","ping_status":"closed","template":"","meta":{"footnotes":""},"class_list":["post-769","page","type-page","status-publish","hentry"],"yoast_head":"<!-- This site is optimized with the Yoast SEO plugin v21.3 - https:\/\/yoast.com\/wordpress\/plugins\/seo\/ -->\n<title>Home - Hotel Della Porta**** Santarcangelo di Romagna (RN) Info 0541.622152 | info@hoteldellaporta.com<\/title>\n<meta name=\"description\" content=\"Hotel Della Porta**** - Hotel 4 stelle nel delizioso borgo romagnolo di Santarcangelo a pochi minuti dalla fiera di Rimini e dalle spiagge della riviera\" \/>\n<meta name=\"robots\" content=\"index, follow, max-snippet:-1, max-image-preview:large, max-video-preview:-1\" \/>\n<link rel=\"canonical\" href=\"https:\/\/www.hoteldellaporta.com\/\" \/>\n<meta property=\"og:locale\" content=\"fr_FR\" \/>\n<meta property=\"og:type\" content=\"article\" \/>\n<meta property=\"og:title\" content=\"Home - Hotel Della Porta**** Santarcangelo di Romagna (RN) Info 0541.622152 | info@hoteldellaporta.com\" \/>\n<meta property=\"og:description\" content=\"Hotel Della Porta**** - Hotel 4 stelle nel delizioso borgo romagnolo di Santarcangelo a pochi minuti dalla fiera di Rimini e dalle spiagge della riviera\" \/>\n<meta property=\"og:url\" content=\"https:\/\/www.hoteldellaporta.com\/\" \/>\n<meta property=\"og:site_name\" content=\"Hotel Della Porta\" \/>\n<meta property=\"article:modified_time\" content=\"2016-06-15T07:45:02+00:00\" \/>\n<meta property=\"og:image\" content=\"https:\/\/www.hoteldellaporta.com\/wp-content\/uploads\/2016\/05\/logo-hdp-rettangolo300-69light-300x69.png\" \/>\n<meta name=\"twitter:card\" content=\"summary_large_image\" \/>\n<meta name=\"twitter:label1\" content=\"Est. reading time\" \/>\n\t<meta name=\"twitter:data1\" content=\"5 minutes\" \/>\n<script type=\"application\/ld+json\" class=\"yoast-schema-graph\">{\"@context\":\"https:\/\/schema.org\",\"@graph\":[{\"@type\":\"WebPage\",\"@id\":\"https:\/\/www.hoteldellaporta.com\/\",\"url\":\"https:\/\/www.hoteldellaporta.com\/\",\"name\":\"Home - Hotel Della Porta**** Santarcangelo di Romagna (RN) Info 0541.622152 | info@hoteldellaporta.com\",\"isPartOf\":{\"@id\":\"https:\/\/www.hoteldellaporta.com\/#website\"},\"datePublished\":\"2016-06-09T07:09:59+00:00\",\"dateModified\":\"2016-06-15T07:45:02+00:00\",\"description\":\"Hotel Della Porta**** - Hotel 4 stelle nel delizioso borgo romagnolo di Santarcangelo a pochi minuti dalla fiera di Rimini e dalle spiagge della riviera\",\"breadcrumb\":{\"@id\":\"https:\/\/www.hoteldellaporta.com\/#breadcrumb\"},\"inLanguage\":\"fr-FR\",\"potentialAction\":[{\"@type\":\"ReadAction\",\"target\":[\"https:\/\/www.hoteldellaporta.com\/\"]}]},{\"@type\":\"BreadcrumbList\",\"@id\":\"https:\/\/www.hoteldellaporta.com\/#breadcrumb\",\"itemListElement\":[{\"@type\":\"ListItem\",\"position\":1,\"name\":\"Home\",\"item\":\"https:\/\/www.hoteldellaporta.com\/\"},{\"@type\":\"ListItem\",\"position\":2,\"name\":\"Home\"}]},{\"@type\":\"WebSite\",\"@id\":\"https:\/\/www.hoteldellaporta.com\/#website\",\"url\":\"https:\/\/www.hoteldellaporta.com\/\",\"name\":\"Hotel Della Porta\",\"description\":\"Hotel 4 Stelle a Santarcangelo di Rimini\",\"potentialAction\":[{\"@type\":\"SearchAction\",\"target\":{\"@type\":\"EntryPoint\",\"urlTemplate\":\"https:\/\/www.hoteldellaporta.com\/?s={search_term_string}\"},\"query-input\":\"required name=search_term_string\"}],\"inLanguage\":\"fr-FR\"}]}<\/script>\n<!-- \/ Yoast SEO plugin. -->","yoast_head_json":{"title":"Home - Hotel Della Porta**** Santarcangelo di Romagna (RN) Info 0541.622152 | info@hoteldellaporta.com","description":"Hotel Della Porta**** - Hotel 4 stelle nel delizioso borgo romagnolo di Santarcangelo a pochi minuti dalla fiera di Rimini e dalle spiagge della riviera","robots":{"index":"index","follow":"follow","max-snippet":"max-snippet:-1","max-image-preview":"max-image-preview:large","max-video-preview":"max-video-preview:-1"},"canonical":"https:\/\/www.hoteldellaporta.com\/","og_locale":"fr_FR","og_type":"article","og_title":"Home - Hotel Della Porta**** Santarcangelo di Romagna (RN) Info 0541.622152 | info@hoteldellaporta.com","og_description":"Hotel Della Porta**** - Hotel 4 stelle nel delizioso borgo romagnolo di Santarcangelo a pochi minuti dalla fiera di Rimini e dalle spiagge della riviera","og_url":"https:\/\/www.hoteldellaporta.com\/","og_site_name":"Hotel Della Porta","article_modified_time":"2016-06-15T07:45:02+00:00","og_image":[{"url":"https:\/\/www.hoteldellaporta.com\/wp-content\/uploads\/2016\/05\/logo-hdp-rettangolo300-69light-300x69.png"}],"twitter_card":"summary_large_image","twitter_misc":{"Est. reading time":"5 minutes"},"schema":{"@context":"https:\/\/schema.org","@graph":[{"@type":"WebPage","@id":"https:\/\/www.hoteldellaporta.com\/","url":"https:\/\/www.hoteldellaporta.com\/","name":"Home - Hotel Della Porta**** Santarcangelo di Romagna (RN) Info 0541.622152 | info@hoteldellaporta.com","isPartOf":{"@id":"https:\/\/www.hoteldellaporta.com\/#website"},"datePublished":"2016-06-09T07:09:59+00:00","dateModified":"2016-06-15T07:45:02+00:00","description":"Hotel Della Porta**** - Hotel 4 stelle nel delizioso borgo romagnolo di Santarcangelo a pochi minuti dalla fiera di Rimini e dalle spiagge della riviera","breadcrumb":{"@id":"https:\/\/www.hoteldellaporta.com\/#breadcrumb"},"inLanguage":"fr-FR","potentialAction":[{"@type":"ReadAction","target":["https:\/\/www.hoteldellaporta.com\/"]}]},{"@type":"BreadcrumbList","@id":"https:\/\/www.hoteldellaporta.com\/#breadcrumb","itemListElement":[{"@type":"ListItem","position":1,"name":"Home","item":"https:\/\/www.hoteldellaporta.com\/"},{"@type":"ListItem","position":2,"name":"Home"}]},{"@type":"WebSite","@id":"https:\/\/www.hoteldellaporta.com\/#website","url":"https:\/\/www.hoteldellaporta.com\/","name":"Hotel Della Porta","description":"Hotel 4 Stelle a Santarcangelo di Rimini","potentialAction":[{"@type":"SearchAction","target":{"@type":"EntryPoint","urlTemplate":"https:\/\/www.hoteldellaporta.com\/?s={search_term_string}"},"query-input":"required name=search_term_string"}],"inLanguage":"fr-FR"}]}},"_links":{"self":[{"href":"https:\/\/www.hoteldellaporta.com\/fr\/wp-json\/wp\/v2\/pages\/769","targetHints":{"allow":["GET"]}}],"collection":[{"href":"https:\/\/www.hoteldellaporta.com\/fr\/wp-json\/wp\/v2\/pages"}],"about":[{"href":"https:\/\/www.hoteldellaporta.com\/fr\/wp-json\/wp\/v2\/types\/page"}],"author":[{"embeddable":true,"href":"https:\/\/www.hoteldellaporta.com\/fr\/wp-json\/wp\/v2\/users\/3"}],"replies":[{"embeddable":true,"href":"https:\/\/www.hoteldellaporta.com\/fr\/wp-json\/wp\/v2\/comments?post=769"}],"version-history":[{"count":0,"href":"https:\/\/www.hoteldellaporta.com\/fr\/wp-json\/wp\/v2\/pages\/769\/revisions"}],"wp:attachment":[{"href":"https:\/\/www.hoteldellaporta.com\/fr\/wp-json\/wp\/v2\/media?parent=769"}],"curies":[{"name":"wp","href":"https:\/\/api.w.org\/{rel}","templated":true}]}}